
{"id":8561,"date":"2021-06-23T19:19:08","date_gmt":"2021-06-23T17:19:08","guid":{"rendered":"https:\/\/tysilio.com\/?page_id=8561"},"modified":"2023-05-30T14:13:59","modified_gmt":"2023-05-30T12:13:59","slug":"our-technologies","status":"publish","type":"page","link":"https:\/\/tysilio.akstudio.tech\/en\/our-technologies\/","title":{"rendered":"OUR TECHNOLOGIES"},"content":{"rendered":"<div data-elementor-type=\"wp-page\" data-elementor-id=\"8561\" class=\"elementor elementor-8561\">\r\n\t\t\t\t\t\t<section class=\"elementor-section elementor-top-section elementor-element elementor-element-3ed6818d pt-15 pb-15 elementor-section-boxed elementor-section-height-default elementor-section-height-default wpr-particle-no wpr-jarallax-no wpr-parallax-no wpr-sticky-section-no\" data-id=\"3ed6818d\" data-element_type=\"section\">\r\n\t\t\t\t\t\t<div class=\"elementor-container elementor-column-gap-default\">\r\n\t\t\t\t\t<div class=\"elementor-column elementor-col-50 elementor-top-column elementor-element elementor-element-dc0db6e\" data-id=\"dc0db6e\" data-element_type=\"column\">\r\n\t\t\t<div class=\"elementor-widget-wrap elementor-element-populated\">\r\n\t\t\t\t\t\t<div class=\"elementor-element elementor-element-60874ac9 elementor-invisible elementor-widget elementor-widget-image\" data-id=\"60874ac9\" data-element_type=\"widget\" data-settings=\"{&quot;_animation&quot;:&quot;fadeInUp&quot;}\" data-widget_type=\"image.default\">\r\n\t\t\t\t<div class=\"elementor-widget-container\">\r\n\t\t\t\t\t\t\t\t\t\t\t\t\t\t\t<img fetchpriority=\"high\" decoding=\"async\" width=\"570\" height=\"570\" src=\"https:\/\/tysilio.akstudio.tech\/wp-content\/uploads\/2021\/06\/Schema-explication-1-570x570.png\" class=\"attachment-medium size-medium wp-image-8393\" alt=\"\" \/>\t\t\t\t\t\t\t\t\t\t\t\t\t\t\t<\/div>\r\n\t\t\t\t<\/div>\r\n\t\t\t\t\t<\/div>\r\n\t\t<\/div>\r\n\t\t\t\t<div class=\"elementor-column elementor-col-50 elementor-top-column elementor-element elementor-element-714a92e2\" data-id=\"714a92e2\" data-element_type=\"column\">\r\n\t\t\t<div class=\"elementor-widget-wrap elementor-element-populated\">\r\n\t\t\t\t\t\t<section class=\"elementor-section elementor-inner-section elementor-element elementor-element-127eaa7d elementor-section-boxed elementor-section-height-default elementor-section-height-default wpr-particle-no wpr-jarallax-no wpr-parallax-no wpr-sticky-section-no\" data-id=\"127eaa7d\" data-element_type=\"section\">\r\n\t\t\t\t\t\t<div class=\"elementor-container elementor-column-gap-default\">\r\n\t\t\t\t\t<div class=\"elementor-column elementor-col-100 elementor-inner-column elementor-element elementor-element-4a397800\" data-id=\"4a397800\" data-element_type=\"column\">\r\n\t\t\t<div class=\"elementor-widget-wrap elementor-element-populated\">\r\n\t\t\t\t\t\t<div class=\"elementor-element elementor-element-15aef237 elementor-invisible elementor-widget elementor-widget-heading\" data-id=\"15aef237\" data-element_type=\"widget\" data-settings=\"{&quot;_animation&quot;:&quot;fadeInUp&quot;}\" data-widget_type=\"heading.default\">\r\n\t\t\t\t<div class=\"elementor-widget-container\">\r\n\t\t\t\t\t<h2 class=\"elementor-heading-title elementor-size-default\">Take the turn to cleaner energy<\/h2>\t\t\t\t<\/div>\r\n\t\t\t\t<\/div>\r\n\t\t\t\t\t<\/div>\r\n\t\t<\/div>\r\n\t\t\t\t\t<\/div>\r\n\t\t<\/section>\r\n\t\t\t\t<div class=\"elementor-element elementor-element-8b49bcc du-texte elementor-invisible elementor-widget elementor-widget-text-editor\" data-id=\"8b49bcc\" data-element_type=\"widget\" data-settings=\"{&quot;_animation&quot;:&quot;fadeInUp&quot;}\" data-widget_type=\"text-editor.default\">\r\n\t\t\t\t<div class=\"elementor-widget-container\">\r\n\t\t\t\t\t\t\t\t\t<p>The state of emergency has sounded for our planet: we must change our energy habits to fight against global warming, the destruction of resources and air pollution! The future of our planet depends on each of us.<\/p><p><br \/>The energy transition is inevitable today!<\/p><p>But what is the energy transition ?<\/p><p>It simply refers to changing the way we consume, produce, work and live through a more thoughtful and responsible use of energy resources, mainly through renewable energies.<\/p>\t\t\t\t\t\t\t\t<\/div>\r\n\t\t\t\t<\/div>\r\n\t\t\t\t\t<\/div>\r\n\t\t<\/div>\r\n\t\t\t\t\t<\/div>\r\n\t\t<\/section>\r\n\t\t\t\t<section class=\"elementor-section elementor-top-section elementor-element elementor-element-282d64cb elementor-section-height-min-height elementor-section-stretched inner-module-3d elementor-section-content-middle elementor-section-boxed elementor-section-height-default elementor-section-items-middle wpr-particle-no wpr-jarallax-no wpr-parallax-no wpr-sticky-section-no\" data-id=\"282d64cb\" data-element_type=\"section\" data-settings=\"{&quot;stretch_section&quot;:&quot;section-stretched&quot;}\">\r\n\t\t\t\t\t\t<div class=\"elementor-container elementor-column-gap-default\">\r\n\t\t\t\t\t<div class=\"elementor-column elementor-col-50 elementor-top-column elementor-element elementor-element-37c7f76a\" data-id=\"37c7f76a\" data-element_type=\"column\" data-settings=\"{&quot;background_background&quot;:&quot;classic&quot;}\">\r\n\t\t\t<div class=\"elementor-widget-wrap elementor-element-populated\">\r\n\t\t\t\t\t\t<div class=\"elementor-element elementor-element-6b14d253 elementor-widget elementor-widget-html\" data-id=\"6b14d253\" data-element_type=\"widget\" data-widget_type=\"html.default\">\r\n\t\t\t\t<div class=\"elementor-widget-container\">\r\n\t\t\t\t\t <iframe style=\"max-width:100%;width:100%;height:430px;\" src=\"https:\/\/www.klapty.com\/tour\/tunnel\/oAL0VSDWXC\" frameborder=\"0\" allowfullscreen=\"true\" mozallowfullscreen=\"true\" webkitallowfullscreen=\"true\" allowvr=\"true\" allow=\"accelerometer; autoplay; clipboard-write; encrypted-media; gyroscope; picture-in-picture; vr\" ><\/iframe>  \t\t\t\t<\/div>\r\n\t\t\t\t<\/div>\r\n\t\t\t\t\t<\/div>\r\n\t\t<\/div>\r\n\t\t\t\t<div class=\"elementor-column elementor-col-50 elementor-top-column elementor-element elementor-element-4031d553 bloc-soltions-3d\" data-id=\"4031d553\" data-element_type=\"column\" data-settings=\"{&quot;background_background&quot;:&quot;classic&quot;}\">\r\n\t\t\t<div class=\"elementor-widget-wrap elementor-element-populated\">\r\n\t\t\t\t\t\t<div class=\"elementor-element elementor-element-33895925 elementor-widget elementor-widget-heading\" data-id=\"33895925\" data-element_type=\"widget\" data-widget_type=\"heading.default\">\r\n\t\t\t\t<div class=\"elementor-widget-container\">\r\n\t\t\t\t\t<h2 class=\"elementor-heading-title elementor-size-default\">D\u00e9couvrez nos solutions avec notre module 3D<\/h2>\t\t\t\t<\/div>\r\n\t\t\t\t<\/div>\r\n\t\t\t\t<section class=\"elementor-section elementor-inner-section elementor-element elementor-element-4ab46fb7 elementor-section-boxed elementor-section-height-default elementor-section-height-default wpr-particle-no wpr-jarallax-no wpr-parallax-no wpr-sticky-section-no\" data-id=\"4ab46fb7\" data-element_type=\"section\">\r\n\t\t\t\t\t\t<div class=\"elementor-container elementor-column-gap-default\">\r\n\t\t\t\t\t<div class=\"elementor-column elementor-col-100 elementor-inner-column elementor-element elementor-element-8bfeefb\" data-id=\"8bfeefb\" data-element_type=\"column\">\r\n\t\t\t<div class=\"elementor-widget-wrap elementor-element-populated\">\r\n\t\t\t\t\t\t<div class=\"elementor-element elementor-element-17aaa88b elementor-widget elementor-widget-text-editor\" data-id=\"17aaa88b\" data-element_type=\"widget\" data-widget_type=\"text-editor.default\">\r\n\t\t\t\t<div class=\"elementor-widget-container\">\r\n\t\t\t\t\t\t\t\t\t<p>Tysilio s\u2019engage \u00e0 vous accompagner dans votre transition \u00e9nerg\u00e9tique.<br \/><br \/>Comment ? En premier lieu, nous analysons votre consommation \u00e9nerg\u00e9tique afin d\u2019appr\u00e9hender la meilleure mani\u00e8re de la r\u00e9duire. Ensuite, nous vous proposons un accompagnement sous forme de conseils ou de solutions photovolta\u00efques livr\u00e9es cl\u00e9-en-main ou lou\u00e9es.<br \/>Toutes les solutions d\u2019autoconsommation Tysilio sont \u00e9labor\u00e9es afin que leur bilan carbone soit le plus bas possible. Ainsi, de sa construction \u00e0 son installation jusqu\u2019\u00e0 son exploitation, votre centrale photovolta\u00efque se doit de polluer le moins possible.<br \/><br \/>Laissez-nous vous guider dans votre transition vers une \u00e9nergie propre, durable et \u00e9conome !<\/p>\t\t\t\t\t\t\t\t<\/div>\r\n\t\t\t\t<\/div>\r\n\t\t\t\t\t<\/div>\r\n\t\t<\/div>\r\n\t\t\t\t\t<\/div>\r\n\t\t<\/section>\r\n\t\t\t\t<section class=\"elementor-section elementor-inner-section elementor-element elementor-element-26d3ebd2 elementor-section-boxed elementor-section-height-default elementor-section-height-default wpr-particle-no wpr-jarallax-no wpr-parallax-no wpr-sticky-section-no\" data-id=\"26d3ebd2\" data-element_type=\"section\">\r\n\t\t\t\t\t\t<div class=\"elementor-container elementor-column-gap-default\">\r\n\t\t\t\t\t<div class=\"elementor-column elementor-col-100 elementor-inner-column elementor-element elementor-element-711ca86e\" data-id=\"711ca86e\" data-element_type=\"column\">\r\n\t\t\t<div class=\"elementor-widget-wrap\">\r\n\t\t\t\t\t\t\t<\/div>\r\n\t\t<\/div>\r\n\t\t\t\t\t<\/div>\r\n\t\t<\/section>\r\n\t\t\t\t\t<\/div>\r\n\t\t<\/div>\r\n\t\t\t\t\t<\/div>\r\n\t\t<\/section>\r\n\t\t\t\t<section class=\"elementor-section elementor-top-section elementor-element elementor-element-22b9abd6 solutions-tech elementor-section-boxed elementor-section-height-default elementor-section-height-default wpr-particle-no wpr-jarallax-no wpr-parallax-no wpr-sticky-section-no\" data-id=\"22b9abd6\" data-element_type=\"section\">\r\n\t\t\t\t\t\t<div class=\"elementor-container elementor-column-gap-default\">\r\n\t\t\t\t\t<div class=\"elementor-column elementor-col-50 elementor-top-column elementor-element elementor-element-24c7b9c6\" data-id=\"24c7b9c6\" data-element_type=\"column\">\r\n\t\t\t<div class=\"elementor-widget-wrap\">\r\n\t\t\t\t\t\t\t<\/div>\r\n\t\t<\/div>\r\n\t\t\t\t<div class=\"elementor-column elementor-col-50 elementor-top-column elementor-element elementor-element-5cf34ca4\" data-id=\"5cf34ca4\" data-element_type=\"column\">\r\n\t\t\t<div class=\"elementor-widget-wrap\">\r\n\t\t\t\t\t\t\t<\/div>\r\n\t\t<\/div>\r\n\t\t\t\t\t<\/div>\r\n\t\t<\/section>\r\n\t\t\t\t<section class=\"elementor-section elementor-top-section elementor-element elementor-element-4024d872 solutions-tech elementor-section-boxed elementor-section-height-default elementor-section-height-default wpr-particle-no wpr-jarallax-no wpr-parallax-no wpr-sticky-section-no\" data-id=\"4024d872\" data-element_type=\"section\">\r\n\t\t\t\t\t\t<div class=\"elementor-container elementor-column-gap-default\">\r\n\t\t\t\t\t<div class=\"elementor-column elementor-col-50 elementor-top-column elementor-element elementor-element-7464872\" data-id=\"7464872\" data-element_type=\"column\">\r\n\t\t\t<div class=\"elementor-widget-wrap\">\r\n\t\t\t\t\t\t\t<\/div>\r\n\t\t<\/div>\r\n\t\t\t\t<div class=\"elementor-column elementor-col-50 elementor-top-column elementor-element elementor-element-393fb39a\" data-id=\"393fb39a\" data-element_type=\"column\">\r\n\t\t\t<div class=\"elementor-widget-wrap\">\r\n\t\t\t\t\t\t\t<\/div>\r\n\t\t<\/div>\r\n\t\t\t\t\t<\/div>\r\n\t\t<\/section>\r\n\t\t\t\t<section class=\"elementor-section elementor-top-section elementor-element elementor-element-4ab19631 solutions-tech elementor-section-boxed elementor-section-height-default elementor-section-height-default wpr-particle-no wpr-jarallax-no wpr-parallax-no wpr-sticky-section-no\" data-id=\"4ab19631\" data-element_type=\"section\">\r\n\t\t\t\t\t\t<div class=\"elementor-container elementor-column-gap-default\">\r\n\t\t\t\t\t<div class=\"elementor-column elementor-col-50 elementor-top-column elementor-element elementor-element-2c243f45\" data-id=\"2c243f45\" data-element_type=\"column\">\r\n\t\t\t<div class=\"elementor-widget-wrap\">\r\n\t\t\t\t\t\t\t<\/div>\r\n\t\t<\/div>\r\n\t\t\t\t<div class=\"elementor-column elementor-col-50 elementor-top-column elementor-element elementor-element-27a70d98\" data-id=\"27a70d98\" data-element_type=\"column\">\r\n\t\t\t<div class=\"elementor-widget-wrap\">\r\n\t\t\t\t\t\t\t<\/div>\r\n\t\t<\/div>\r\n\t\t\t\t\t<\/div>\r\n\t\t<\/section>\r\n\t\t\t\t<section class=\"elementor-section elementor-top-section elementor-element elementor-element-68c350bd elementor-section-full_width elementor-section-stretched elementor-section-height-default elementor-section-height-default wpr-particle-no wpr-jarallax-no wpr-parallax-no wpr-sticky-section-no\" data-id=\"68c350bd\" data-element_type=\"section\" data-settings=\"{&quot;stretch_section&quot;:&quot;section-stretched&quot;}\">\r\n\t\t\t\t\t\t<div class=\"elementor-container elementor-column-gap-default\">\r\n\t\t\t\t\t<div class=\"elementor-column elementor-col-100 elementor-top-column elementor-element elementor-element-65e4650f\" data-id=\"65e4650f\" data-element_type=\"column\">\r\n\t\t\t<div class=\"elementor-widget-wrap elementor-element-populated\">\r\n\t\t\t\t\t\t<div class=\"elementor-element elementor-element-39a9035f elementor-align-center elementor-widget elementor-widget-button\" data-id=\"39a9035f\" data-element_type=\"widget\" data-widget_type=\"button.default\">\r\n\t\t\t\t<div class=\"elementor-widget-container\">\r\n\t\t\t\t\t\t\t\t\t<div class=\"elementor-button-wrapper\">\r\n\t\t\t\t\t<a class=\"elementor-button elementor-button-link elementor-size-xl\" href=\"https:\/\/tysilio.com\/en\/contact-us\/\">\r\n\t\t\t\t\t\t<span class=\"elementor-button-content-wrapper\">\r\n\t\t\t\t\t\t<span class=\"elementor-button-icon\">\r\n\t\t\t\t<i aria-hidden=\"true\" class=\"cmsi cmsi-chevron-right\"><\/i>\t\t\t<\/span>\r\n\t\t\t\t\t\t\t\t\t<span class=\"elementor-button-text\">EVALUATE YOUR PHOTOVOLTAIC POTENTIAL<\/span>\r\n\t\t\t\t\t<\/span>\r\n\t\t\t\t\t<\/a>\r\n\t\t\t\t<\/div>\r\n\t\t\t\t\t\t\t\t<\/div>\r\n\t\t\t\t<\/div>\r\n\t\t\t\t\t<\/div>\r\n\t\t<\/div>\r\n\t\t\t\t\t<\/div>\r\n\t\t<\/section>\r\n\t\t\t\t<section class=\"elementor-section elementor-top-section elementor-element elementor-element-19f99635 elementor-section-stretched bg-primary_ pt-15 pb-15 elementor-section-boxed elementor-section-height-default elementor-section-height-default wpr-particle-no wpr-jarallax-no wpr-parallax-no wpr-sticky-section-no\" data-id=\"19f99635\" data-element_type=\"section\" data-settings=\"{&quot;stretch_section&quot;:&quot;section-stretched&quot;,&quot;background_background&quot;:&quot;classic&quot;}\">\r\n\t\t\t\t\t\t\t<div class=\"elementor-background-overlay\"><\/div>\r\n\t\t\t\t\t\t\t<div class=\"elementor-container elementor-column-gap-default\">\r\n\t\t\t\t\t<div class=\"elementor-column elementor-col-100 elementor-top-column elementor-element elementor-element-42b9d79a\" data-id=\"42b9d79a\" data-element_type=\"column\">\r\n\t\t\t<div class=\"elementor-widget-wrap elementor-element-populated\">\r\n\t\t\t\t\t\t\t<\/div>\r\n\t\t<\/div>\r\n\t\t\t\t\t<\/div>\r\n\t\t<\/section>\r\n\t\t\t\t<\/div>","protected":false},"excerpt":{"rendered":"<p>Take the turn to cleaner energy The state of emergency has sounded for our planet: we must change our energy habits to fight against global warming, the destruction of resources and air pollution! The future of our planet depends on each of us. The energy transition is inevitable today! But what is the energy transition ? It simply refers to changing the way we consume, produce, work and live through a more thoughtful and responsible use of energy resources, mainly through renewable energies. D\u00e9couvrez nos solutions avec notre module 3D Tysilio s\u2019engage \u00e0 vous accompagner dans votre transition \u00e9nerg\u00e9tique. Comment ? En premier lieu, nous analysons votre consommation \u00e9nerg\u00e9tique afin d\u2019appr\u00e9hender la meilleure mani\u00e8re de la r\u00e9duire. Ensuite, nous vous proposons un accompagnement sous forme de conseils ou de solutions photovolta\u00efques livr\u00e9es cl\u00e9-en-main ou lou\u00e9es.Toutes les solutions d\u2019autoconsommation Tysilio sont \u00e9labor\u00e9es afin que leur bilan carbone soit le plus bas possible. Ainsi, de sa construction \u00e0 son installation jusqu\u2019\u00e0 son exploitation, votre centrale photovolta\u00efque se doit de polluer le moins possible. Laissez-nous vous guider dans votre transition vers une \u00e9nergie propre, durable et \u00e9conome ! Voir Flat roof installation Convinced by the importance of solar energy in saving money and limiting environmental impact, you are wondering whether you can receive a solar solution because you are not sure whether your roof is suitable for a photovoltaic installation. More Installation on a sloping roof You want to install solar energy on your home to save money and limit your environmental impact, but you are wondering if your sloping roof can accommodate a photovoltaic installation. More Ballasted installation It\u2019s a fact : solar energy is the best way to save money and to have a reliable and low-carbon energy source. However, you are not sure whether you have the ground space for solar installations or whether you want to tie up space in the long term. More Installation mounted on driven poles Do you have land that can be used over time but you don\u2019t know how to make it profitable ? Why not install a solar energy source that guarantees numerous advantages such as limiting your environmental impact or making savings ? More Tysilio Solar Station Solar energy is the best way to save money and have a reliable and decarbonised energy source. However, due to lack of space, willingness to invest or long-term visibility, you don\u2019t dare to take the plunge ? More Tysilio Solar Roof Due to lack of space, investment or long-term visibility, you don\u2019t dare take the plunge into solar energy? However, it is the best way for you to save money and to have a reliable and carbon-free energy source.. More EVALUATE YOUR PHOTOVOLTAIC POTENTIAL Rental Tysilio rents you a photovoltaic system to reduce your financial investment. Plus Engineering Procurement Construction (EPC) Tysilio supervises your energy transition and takes care of your entire project. Plus Consulting Tysilio assesses and enhances your energy potential by developing an effective&#8230; Plus<\/p>","protected":false},"author":1,"featured_media":0,"parent":0,"menu_order":9,"comment_status":"closed","ping_status":"closed","template":"","meta":{"_acf_changed":false,"inline_featured_image":false,"footnotes":""},"class_list":["post-8561","page","type-page","status-publish","hentry","cms-has-post-thumbnail"],"acf":[],"aioseo_notices":[],"_links":{"self":[{"href":"https:\/\/tysilio.akstudio.tech\/en\/wp-json\/wp\/v2\/pages\/8561","targetHints":{"allow":["GET"]}}],"collection":[{"href":"https:\/\/tysilio.akstudio.tech\/en\/wp-json\/wp\/v2\/pages"}],"about":[{"href":"https:\/\/tysilio.akstudio.tech\/en\/wp-json\/wp\/v2\/types\/page"}],"author":[{"embeddable":true,"href":"https:\/\/tysilio.akstudio.tech\/en\/wp-json\/wp\/v2\/users\/1"}],"replies":[{"embeddable":true,"href":"https:\/\/tysilio.akstudio.tech\/en\/wp-json\/wp\/v2\/comments?post=8561"}],"version-history":[{"count":67,"href":"https:\/\/tysilio.akstudio.tech\/en\/wp-json\/wp\/v2\/pages\/8561\/revisions"}],"predecessor-version":[{"id":12472,"href":"https:\/\/tysilio.akstudio.tech\/en\/wp-json\/wp\/v2\/pages\/8561\/revisions\/12472"}],"wp:attachment":[{"href":"https:\/\/tysilio.akstudio.tech\/en\/wp-json\/wp\/v2\/media?parent=8561"}],"curies":[{"name":"wp","href":"https:\/\/api.w.org\/{rel}","templated":true}]}}