
{"id":8785,"date":"2021-06-25T14:23:10","date_gmt":"2021-06-25T12:23:10","guid":{"rendered":"https:\/\/tysilio.com\/?page_id=8785"},"modified":"2023-04-12T23:00:05","modified_gmt":"2023-04-12T21:00:05","slug":"flat-roof-installation","status":"publish","type":"page","link":"https:\/\/tysilio.akstudio.tech\/en\/our-technologies\/flat-roof-installation\/","title":{"rendered":"Flat roof installation"},"content":{"rendered":"<div data-elementor-type=\"wp-page\" data-elementor-id=\"8785\" class=\"elementor elementor-8785\">\r\n\t\t\t\t\t\t<section class=\"elementor-section elementor-top-section elementor-element elementor-element-42508433 pt-15 pb-15 elementor-section-boxed elementor-section-height-default elementor-section-height-default wpr-particle-no wpr-jarallax-no wpr-parallax-no wpr-sticky-section-no\" data-id=\"42508433\" data-element_type=\"section\">\r\n\t\t\t\t\t\t<div class=\"elementor-container elementor-column-gap-default\">\r\n\t\t\t\t\t<div class=\"elementor-column elementor-col-100 elementor-top-column elementor-element elementor-element-70d538b7\" data-id=\"70d538b7\" data-element_type=\"column\">\r\n\t\t\t<div class=\"elementor-widget-wrap elementor-element-populated\">\r\n\t\t\t\t\t\t<div class=\"elementor-element elementor-element-15beeb2f intro elementor-widget elementor-widget-text-editor\" data-id=\"15beeb2f\" data-element_type=\"widget\" data-widget_type=\"text-editor.default\">\r\n\t\t\t\t<div class=\"elementor-widget-container\">\r\n\t\t\t\t\t\t\t\t\tConvinced by the importance of solar energy in saving money and limiting environmental impact, <b>you are wondering whether you can receive a solar solution because you are not sure whether your roof is suitable for a photovoltaic installation<\/b>.\t\t\t\t\t\t\t\t<\/div>\r\n\t\t\t\t<\/div>\r\n\t\t\t\t\t<\/div>\r\n\t\t<\/div>\r\n\t\t\t\t\t<\/div>\r\n\t\t<\/section>\r\n\t\t\t\t<section class=\"elementor-section elementor-top-section elementor-element elementor-element-54dddf27 elementor-section-stretched blocs-alternes pt-15 pb-15 elementor-section-boxed elementor-section-height-default elementor-section-height-default wpr-particle-no wpr-jarallax-no wpr-parallax-no wpr-sticky-section-no\" data-id=\"54dddf27\" data-element_type=\"section\" data-settings=\"{&quot;stretch_section&quot;:&quot;section-stretched&quot;,&quot;background_background&quot;:&quot;classic&quot;}\">\r\n\t\t\t\t\t\t<div class=\"elementor-container elementor-column-gap-default\">\r\n\t\t\t\t\t<div class=\"elementor-column elementor-col-100 elementor-top-column elementor-element elementor-element-5016bb40\" data-id=\"5016bb40\" data-element_type=\"column\">\r\n\t\t\t<div class=\"elementor-widget-wrap elementor-element-populated\">\r\n\t\t\t\t\t\t<section class=\"elementor-section elementor-inner-section elementor-element elementor-element-2543f3 elementor-section-boxed elementor-section-height-default elementor-section-height-default wpr-particle-no wpr-jarallax-no wpr-parallax-no wpr-sticky-section-no\" data-id=\"2543f3\" data-element_type=\"section\">\r\n\t\t\t\t\t\t<div class=\"elementor-container elementor-column-gap-default\">\r\n\t\t\t\t\t<div class=\"elementor-column elementor-col-100 elementor-inner-column elementor-element elementor-element-1154aed3 elementor-invisible\" data-id=\"1154aed3\" data-element_type=\"column\" data-settings=\"{&quot;background_background&quot;:&quot;classic&quot;,&quot;animation&quot;:&quot;fadeIn&quot;}\">\r\n\t\t\t<div class=\"elementor-widget-wrap\">\r\n\t\t\t\t\t\t\t<\/div>\r\n\t\t<\/div>\r\n\t\t\t\t\t<\/div>\r\n\t\t<\/section>\r\n\t\t\t\t\t<\/div>\r\n\t\t<\/div>\r\n\t\t\t\t\t<\/div>\r\n\t\t<\/section>\r\n\t\t\t\t<section class=\"elementor-section elementor-top-section elementor-element elementor-element-23f5a842 pt-15 pb-15 qec elementor-section-boxed elementor-section-height-default elementor-section-height-default wpr-particle-no wpr-jarallax-no wpr-parallax-no wpr-sticky-section-no\" data-id=\"23f5a842\" data-element_type=\"section\">\r\n\t\t\t\t\t\t<div class=\"elementor-container elementor-column-gap-default\">\r\n\t\t\t\t\t<div class=\"elementor-column elementor-col-100 elementor-top-column elementor-element elementor-element-572270a1\" data-id=\"572270a1\" data-element_type=\"column\">\r\n\t\t\t<div class=\"elementor-widget-wrap elementor-element-populated\">\r\n\t\t\t\t\t\t<div class=\"elementor-element elementor-element-37e1c373 elementor-widget elementor-widget-spacer\" data-id=\"37e1c373\" data-element_type=\"widget\" data-widget_type=\"spacer.default\">\r\n\t\t\t\t<div class=\"elementor-widget-container\">\r\n\t\t\t\t\t\t\t<div class=\"elementor-spacer\">\r\n\t\t\t<div class=\"elementor-spacer-inner\"><\/div>\r\n\t\t<\/div>\r\n\t\t\t\t\t\t<\/div>\r\n\t\t\t\t<\/div>\r\n\t\t\t\t<div class=\"elementor-element elementor-element-15a209dd elementor-widget elementor-widget-spacer\" data-id=\"15a209dd\" data-element_type=\"widget\" data-widget_type=\"spacer.default\">\r\n\t\t\t\t<div class=\"elementor-widget-container\">\r\n\t\t\t\t\t\t\t<div class=\"elementor-spacer\">\r\n\t\t\t<div class=\"elementor-spacer-inner\"><\/div>\r\n\t\t<\/div>\r\n\t\t\t\t\t\t<\/div>\r\n\t\t\t\t<\/div>\r\n\t\t\t\t\t<\/div>\r\n\t\t<\/div>\r\n\t\t\t\t\t<\/div>\r\n\t\t<\/section>\r\n\t\t\t\t<section class=\"elementor-section elementor-top-section elementor-element elementor-element-4125a704 elementor-section-full_width elementor-section-stretched elementor-section-height-default elementor-section-height-default wpr-particle-no wpr-jarallax-no wpr-parallax-no wpr-sticky-section-no\" data-id=\"4125a704\" data-element_type=\"section\" data-settings=\"{&quot;stretch_section&quot;:&quot;section-stretched&quot;}\">\r\n\t\t\t\t\t\t<div class=\"elementor-container elementor-column-gap-default\">\r\n\t\t\t\t\t<div class=\"elementor-column elementor-col-100 elementor-top-column elementor-element elementor-element-50e5cc54\" data-id=\"50e5cc54\" data-element_type=\"column\">\r\n\t\t\t<div class=\"elementor-widget-wrap elementor-element-populated\">\r\n\t\t\t\t\t\t<div class=\"elementor-element elementor-element-5ff6e12e elementor-align-center elementor-widget elementor-widget-button\" data-id=\"5ff6e12e\" data-element_type=\"widget\" data-widget_type=\"button.default\">\r\n\t\t\t\t<div class=\"elementor-widget-container\">\r\n\t\t\t\t\t\t\t\t\t<div class=\"elementor-button-wrapper\">\r\n\t\t\t\t\t<a class=\"elementor-button elementor-button-link elementor-size-xl\" href=\"https:\/\/tysilio.com\/en\/contact-us\/\">\r\n\t\t\t\t\t\t<span class=\"elementor-button-content-wrapper\">\r\n\t\t\t\t\t\t<span class=\"elementor-button-icon\">\r\n\t\t\t\t<i aria-hidden=\"true\" class=\"cmsi cmsi-chevron-right\"><\/i>\t\t\t<\/span>\r\n\t\t\t\t\t\t\t\t\t<span class=\"elementor-button-text\">EVALUATE YOUR PHOTOVOLTAIC POTENTIAL<\/span>\r\n\t\t\t\t\t<\/span>\r\n\t\t\t\t\t<\/a>\r\n\t\t\t\t<\/div>\r\n\t\t\t\t\t\t\t\t<\/div>\r\n\t\t\t\t<\/div>\r\n\t\t\t\t\t<\/div>\r\n\t\t<\/div>\r\n\t\t\t\t\t<\/div>\r\n\t\t<\/section>\r\n\t\t\t\t<section class=\"elementor-section elementor-top-section elementor-element elementor-element-2ec444ea post-a-la-une elementor-section-boxed elementor-section-height-default elementor-section-height-default wpr-particle-no wpr-jarallax-no wpr-parallax-no wpr-sticky-section-no\" data-id=\"2ec444ea\" data-element_type=\"section\">\r\n\t\t\t\t\t\t<div class=\"elementor-container elementor-column-gap-default\">\r\n\t\t\t\t\t<div class=\"elementor-column elementor-col-100 elementor-top-column elementor-element elementor-element-434f8a7a\" data-id=\"434f8a7a\" data-element_type=\"column\">\r\n\t\t\t<div class=\"elementor-widget-wrap\">\r\n\t\t\t\t\t\t\t<\/div>\r\n\t\t<\/div>\r\n\t\t\t\t\t<\/div>\r\n\t\t<\/section>\r\n\t\t\t\t<section class=\"elementor-section elementor-top-section elementor-element elementor-element-5667f69 elementor-section-stretched bg-primary_ pt-15 pb-15 elementor-section-boxed elementor-section-height-default elementor-section-height-default wpr-particle-no wpr-jarallax-no wpr-parallax-no wpr-sticky-section-no\" data-id=\"5667f69\" data-element_type=\"section\" data-settings=\"{&quot;stretch_section&quot;:&quot;section-stretched&quot;,&quot;background_background&quot;:&quot;classic&quot;}\">\r\n\t\t\t\t\t\t\t<div class=\"elementor-background-overlay\"><\/div>\r\n\t\t\t\t\t\t\t<div class=\"elementor-container elementor-column-gap-default\">\r\n\t\t\t\t\t<div class=\"elementor-column elementor-col-100 elementor-top-column elementor-element elementor-element-7b79709c\" data-id=\"7b79709c\" data-element_type=\"column\">\r\n\t\t\t<div class=\"elementor-widget-wrap elementor-element-populated\">\r\n\t\t\t\t\t\t\t<\/div>\r\n\t\t<\/div>\r\n\t\t\t\t\t<\/div>\r\n\t\t<\/section>\r\n\t\t\t\t<\/div>","protected":false},"excerpt":{"rendered":"<p>Convinced by the importance of solar energy in saving money and limiting environmental impact, you are wondering whether you can receive a solar solution because you are not sure whether your roof is suitable for a photovoltaic installation. Advantages Often considered as a wasted space because it is not used, a flat roof is the ideal place to install a photovoltaic solution. Exposed to the sun all day, it ensures that your energy source is optimised. Tysilio guarantees to make the most of your space by maximising the use of your surfaces. Tysilio vous garantit de valoriser votre espace en maximisant l\u2019utilisation de vos surfaces. Economic advantages Decarbonised source, low impact on the environment Energy independence TECHNICAL CHARACTERISTICS To install a photovoltaic solution on a flat roof, it is essential to assess its capacity to support the weight of the photovoltaic modules. A solar panel weighs on average 20kg per m2, excluding the use of a ballast system to fix the installation. In fact, on flat roofs (with or without railings) made of concrete, we install the photovoltaic solution using ballasted or thermo-welded fastening systems. Finally, before installing the system, it is necessary to ensure that the surrounding shade (trees, buildings, etc.) does not reduce the energy production capacity of the panels. The energy produced by the flat roof installation can be used for self-consumption, for your own needs, or for grid injection. In this case, the energy produced will provide you with an additional source of income. The power that can be installed depends on the size of your roof, the surrounding shading and the power of the selected panels. Tysilio installs solutions ranging from 80 kWp to MWp size&#8230; Quelques \u00e9tudes de cas Toitures inclin\u00e9es Solarisation d&#8217;une toiture en copropri\u00e9t\u00e9 TSS D\u00e9ploiement d&#8217;une centrale au c\u0153ur d&#8217;un site industriel Toitures inclin\u00e9es Solarisation d&#8217;une toiture en copropri\u00e9t\u00e9 Voir plus EVALUATE YOUR PHOTOVOLTAIC POTENTIAL Autoconsommation, Batterie 24 novembre 2022 jonathan Tysilio acc\u00e9l\u00e8re sur les projets avec stockage Tout Lest\u00e9es au sol Toitures inclin\u00e9es TSS Toitures inclin\u00e9es Solarisation d&#8217;une toiture en copropri\u00e9t\u00e9 D\u00e9tails TSS D\u00e9ploiement d&#8217;une centrale au c\u0153ur d&#8217;un site industriel D\u00e9tails&#8230; Read more Location Tysilio vous loue une installation photovolta\u00efque afin d\u2019all\u00e9ger votre investissement financier. Plus Conseil Tysilio \u00e9value et valorise votre potentiel \u00e9nerg\u00e9tique en \u00e9laborant une strat\u00e9gie efficace et durable. Plus Installation cl\u00e9 en main Tysilio supervise votre transition \u00e9nerg\u00e9tique et s\u2019occupe de votre projet dans son int\u00e9gralit\u00e9. Plus<\/p>","protected":false},"author":1,"featured_media":10057,"parent":8561,"menu_order":5,"comment_status":"closed","ping_status":"closed","template":"","meta":{"_acf_changed":false,"inline_featured_image":false,"footnotes":""},"class_list":["post-8785","page","type-page","status-publish","has-post-thumbnail","hentry","cms-has-post-thumbnail"],"acf":[],"aioseo_notices":[],"_links":{"self":[{"href":"https:\/\/tysilio.akstudio.tech\/en\/wp-json\/wp\/v2\/pages\/8785","targetHints":{"allow":["GET"]}}],"collection":[{"href":"https:\/\/tysilio.akstudio.tech\/en\/wp-json\/wp\/v2\/pages"}],"about":[{"href":"https:\/\/tysilio.akstudio.tech\/en\/wp-json\/wp\/v2\/types\/page"}],"author":[{"embeddable":true,"href":"https:\/\/tysilio.akstudio.tech\/en\/wp-json\/wp\/v2\/users\/1"}],"replies":[{"embeddable":true,"href":"https:\/\/tysilio.akstudio.tech\/en\/wp-json\/wp\/v2\/comments?post=8785"}],"version-history":[{"count":66,"href":"https:\/\/tysilio.akstudio.tech\/en\/wp-json\/wp\/v2\/pages\/8785\/revisions"}],"predecessor-version":[{"id":12306,"href":"https:\/\/tysilio.akstudio.tech\/en\/wp-json\/wp\/v2\/pages\/8785\/revisions\/12306"}],"up":[{"embeddable":true,"href":"https:\/\/tysilio.akstudio.tech\/en\/wp-json\/wp\/v2\/pages\/8561"}],"wp:featuredmedia":[{"embeddable":true,"href":"https:\/\/tysilio.akstudio.tech\/en\/wp-json\/wp\/v2\/media\/10057"}],"wp:attachment":[{"href":"https:\/\/tysilio.akstudio.tech\/en\/wp-json\/wp\/v2\/media?parent=8785"}],"curies":[{"name":"wp","href":"https:\/\/api.w.org\/{rel}","templated":true}]}}