
{"id":8827,"date":"2021-06-25T15:12:54","date_gmt":"2021-06-25T13:12:54","guid":{"rendered":"https:\/\/tysilio.com\/?page_id=8827"},"modified":"2023-04-12T23:01:54","modified_gmt":"2023-04-12T21:01:54","slug":"installation-mounted-on-driven-poles","status":"publish","type":"page","link":"https:\/\/tysilio.akstudio.tech\/en\/our-technologies\/installation-mounted-on-driven-poles\/","title":{"rendered":"Rammed post installation"},"content":{"rendered":"<div data-elementor-type=\"wp-page\" data-elementor-id=\"8827\" class=\"elementor elementor-8827\">\r\n\t\t\t\t\t\t<section class=\"elementor-section elementor-top-section elementor-element elementor-element-65f6a692 pt-15 pb-15 elementor-section-boxed elementor-section-height-default elementor-section-height-default wpr-particle-no wpr-jarallax-no wpr-parallax-no wpr-sticky-section-no\" data-id=\"65f6a692\" data-element_type=\"section\">\r\n\t\t\t\t\t\t<div class=\"elementor-container elementor-column-gap-default\">\r\n\t\t\t\t\t<div class=\"elementor-column elementor-col-100 elementor-top-column elementor-element elementor-element-7f0bd3a3\" data-id=\"7f0bd3a3\" data-element_type=\"column\">\r\n\t\t\t<div class=\"elementor-widget-wrap elementor-element-populated\">\r\n\t\t\t\t\t\t<div class=\"elementor-element elementor-element-7170e6a9 intro elementor-widget elementor-widget-text-editor\" data-id=\"7170e6a9\" data-element_type=\"widget\" data-widget_type=\"text-editor.default\">\r\n\t\t\t\t<div class=\"elementor-widget-container\">\r\n\t\t\t\t\t\t\t\t\t<p><strong>Do you have land that can be used over time but you don&#8217;t know how to make it profitable ?<\/strong> Why not install a solar energy source that guarantees numerous advantages such as limiting your environmental impact or making savings ?<\/p>\t\t\t\t\t\t\t\t<\/div>\r\n\t\t\t\t<\/div>\r\n\t\t\t\t\t<\/div>\r\n\t\t<\/div>\r\n\t\t\t\t\t<\/div>\r\n\t\t<\/section>\r\n\t\t\t\t<section class=\"elementor-section elementor-top-section elementor-element elementor-element-4b24316a elementor-section-stretched blocs-alternes pt-15 pb-15 elementor-section-boxed elementor-section-height-default elementor-section-height-default wpr-particle-no wpr-jarallax-no wpr-parallax-no wpr-sticky-section-no\" data-id=\"4b24316a\" data-element_type=\"section\" data-settings=\"{&quot;stretch_section&quot;:&quot;section-stretched&quot;,&quot;background_background&quot;:&quot;classic&quot;}\">\r\n\t\t\t\t\t\t<div class=\"elementor-container elementor-column-gap-default\">\r\n\t\t\t\t\t<div class=\"elementor-column elementor-col-100 elementor-top-column elementor-element elementor-element-3121d043\" data-id=\"3121d043\" data-element_type=\"column\">\r\n\t\t\t<div class=\"elementor-widget-wrap elementor-element-populated\">\r\n\t\t\t\t\t\t<section class=\"elementor-section elementor-inner-section elementor-element elementor-element-4798c7b7 elementor-section-boxed elementor-section-height-default elementor-section-height-default wpr-particle-no wpr-jarallax-no wpr-parallax-no wpr-sticky-section-no\" data-id=\"4798c7b7\" data-element_type=\"section\">\r\n\t\t\t\t\t\t<div class=\"elementor-container elementor-column-gap-default\">\r\n\t\t\t\t\t<div class=\"elementor-column elementor-col-100 elementor-inner-column elementor-element elementor-element-5a1d84f3 elementor-invisible\" data-id=\"5a1d84f3\" data-element_type=\"column\" data-settings=\"{&quot;background_background&quot;:&quot;classic&quot;,&quot;animation&quot;:&quot;fadeIn&quot;}\">\r\n\t\t\t<div class=\"elementor-widget-wrap\">\r\n\t\t\t\t\t\t\t<\/div>\r\n\t\t<\/div>\r\n\t\t\t\t\t<\/div>\r\n\t\t<\/section>\r\n\t\t\t\t\t<\/div>\r\n\t\t<\/div>\r\n\t\t\t\t\t<\/div>\r\n\t\t<\/section>\r\n\t\t\t\t<section class=\"elementor-section elementor-top-section elementor-element elementor-element-2f1b3700 pt-15 pb-15 qec elementor-section-boxed elementor-section-height-default elementor-section-height-default wpr-particle-no wpr-jarallax-no wpr-parallax-no wpr-sticky-section-no\" data-id=\"2f1b3700\" data-element_type=\"section\">\r\n\t\t\t\t\t\t<div class=\"elementor-container elementor-column-gap-default\">\r\n\t\t\t\t\t<div class=\"elementor-column elementor-col-100 elementor-top-column elementor-element elementor-element-4656e244\" data-id=\"4656e244\" data-element_type=\"column\">\r\n\t\t\t<div class=\"elementor-widget-wrap elementor-element-populated\">\r\n\t\t\t\t\t\t<div class=\"elementor-element elementor-element-6a3ceb28 elementor-widget elementor-widget-spacer\" data-id=\"6a3ceb28\" data-element_type=\"widget\" data-widget_type=\"spacer.default\">\r\n\t\t\t\t<div class=\"elementor-widget-container\">\r\n\t\t\t\t\t\t\t<div class=\"elementor-spacer\">\r\n\t\t\t<div class=\"elementor-spacer-inner\"><\/div>\r\n\t\t<\/div>\r\n\t\t\t\t\t\t<\/div>\r\n\t\t\t\t<\/div>\r\n\t\t\t\t<div class=\"elementor-element elementor-element-78d63537 elementor-widget elementor-widget-spacer\" data-id=\"78d63537\" data-element_type=\"widget\" data-widget_type=\"spacer.default\">\r\n\t\t\t\t<div class=\"elementor-widget-container\">\r\n\t\t\t\t\t\t\t<div class=\"elementor-spacer\">\r\n\t\t\t<div class=\"elementor-spacer-inner\"><\/div>\r\n\t\t<\/div>\r\n\t\t\t\t\t\t<\/div>\r\n\t\t\t\t<\/div>\r\n\t\t\t\t\t<\/div>\r\n\t\t<\/div>\r\n\t\t\t\t\t<\/div>\r\n\t\t<\/section>\r\n\t\t\t\t<section class=\"elementor-section elementor-top-section elementor-element elementor-element-71b92e38 elementor-section-full_width elementor-section-stretched elementor-section-height-default elementor-section-height-default wpr-particle-no wpr-jarallax-no wpr-parallax-no wpr-sticky-section-no\" data-id=\"71b92e38\" data-element_type=\"section\" data-settings=\"{&quot;stretch_section&quot;:&quot;section-stretched&quot;}\">\r\n\t\t\t\t\t\t<div class=\"elementor-container elementor-column-gap-default\">\r\n\t\t\t\t\t<div class=\"elementor-column elementor-col-100 elementor-top-column elementor-element elementor-element-6c86f20\" data-id=\"6c86f20\" data-element_type=\"column\">\r\n\t\t\t<div class=\"elementor-widget-wrap elementor-element-populated\">\r\n\t\t\t\t\t\t<div class=\"elementor-element elementor-element-33008395 elementor-align-center elementor-widget elementor-widget-button\" data-id=\"33008395\" data-element_type=\"widget\" data-widget_type=\"button.default\">\r\n\t\t\t\t<div class=\"elementor-widget-container\">\r\n\t\t\t\t\t\t\t\t\t<div class=\"elementor-button-wrapper\">\r\n\t\t\t\t\t<a class=\"elementor-button elementor-button-link elementor-size-xl\" href=\"https:\/\/tysilio.com\/en\/contact-us\/\">\r\n\t\t\t\t\t\t<span class=\"elementor-button-content-wrapper\">\r\n\t\t\t\t\t\t<span class=\"elementor-button-icon\">\r\n\t\t\t\t<i aria-hidden=\"true\" class=\"cmsi cmsi-chevron-right\"><\/i>\t\t\t<\/span>\r\n\t\t\t\t\t\t\t\t\t<span class=\"elementor-button-text\">EVALUATE YOUR PHOTOVOLTAIC POTENTIAL<\/span>\r\n\t\t\t\t\t<\/span>\r\n\t\t\t\t\t<\/a>\r\n\t\t\t\t<\/div>\r\n\t\t\t\t\t\t\t\t<\/div>\r\n\t\t\t\t<\/div>\r\n\t\t\t\t\t<\/div>\r\n\t\t<\/div>\r\n\t\t\t\t\t<\/div>\r\n\t\t<\/section>\r\n\t\t\t\t<section class=\"elementor-section elementor-top-section elementor-element elementor-element-7ca06543 post-a-la-une elementor-section-boxed elementor-section-height-default elementor-section-height-default wpr-particle-no wpr-jarallax-no wpr-parallax-no wpr-sticky-section-no\" data-id=\"7ca06543\" data-element_type=\"section\">\r\n\t\t\t\t\t\t<div class=\"elementor-container elementor-column-gap-default\">\r\n\t\t\t\t\t<div class=\"elementor-column elementor-col-100 elementor-top-column elementor-element elementor-element-3ab441ce\" data-id=\"3ab441ce\" data-element_type=\"column\">\r\n\t\t\t<div class=\"elementor-widget-wrap\">\r\n\t\t\t\t\t\t\t<\/div>\r\n\t\t<\/div>\r\n\t\t\t\t\t<\/div>\r\n\t\t<\/section>\r\n\t\t\t\t<section class=\"elementor-section elementor-top-section elementor-element elementor-element-4bd123d4 elementor-section-stretched bg-primary_ pt-15 pb-15 elementor-section-boxed elementor-section-height-default elementor-section-height-default wpr-particle-no wpr-jarallax-no wpr-parallax-no wpr-sticky-section-no\" data-id=\"4bd123d4\" data-element_type=\"section\" data-settings=\"{&quot;stretch_section&quot;:&quot;section-stretched&quot;,&quot;background_background&quot;:&quot;classic&quot;}\">\r\n\t\t\t\t\t\t\t<div class=\"elementor-background-overlay\"><\/div>\r\n\t\t\t\t\t\t\t<div class=\"elementor-container elementor-column-gap-default\">\r\n\t\t\t\t\t<div class=\"elementor-column elementor-col-100 elementor-top-column elementor-element elementor-element-5f484f33\" data-id=\"5f484f33\" data-element_type=\"column\">\r\n\t\t\t<div class=\"elementor-widget-wrap elementor-element-populated\">\r\n\t\t\t\t\t\t\t<\/div>\r\n\t\t<\/div>\r\n\t\t\t\t\t<\/div>\r\n\t\t<\/section>\r\n\t\t\t\t<\/div>","protected":false},"excerpt":{"rendered":"<p>Do you have land that can be used over time but you don&#8217;t know how to make it profitable ? Why not install a solar energy source that guarantees numerous advantages such as limiting your environmental impact or making savings ? ADVANTAGES Tysilio guarantees to make the most of your space by maximising the multiple impacts of a solar energy source. . Economic benefits Decarbonised source, low impact on the environment Energy independence Sized to provide you with the best energy production, the ground mounted solutions are adaptable to most soils. With a certified lifespan of 20 to 30 years, you can enjoy its multiple benefits for a long time. TECHNICAL CHARACTERISTICS The supporting structures are fixed on metal feet anchored deep in the ground and cannot be moved. Its quality equipment has a life span of 20 to 30 years. Depending on your needs and constraints, it is possible to connect the solar solutions to a battery or diesel generator system. The energy produced by the installation can be used for self-consumption, for your own needs, or for grid injection. In this case, it will provide you with an additional source of income. The installed power depends solely on the available land and, in the case of self-consumption, on the customer&#8217;s energy needs. TECHNICAL ELEMENTS Supporting structure. Additional systems for isolated sites, diesel or battery hybrids. Power transformer for large ground-mounted plants. Quelques \u00e9tudes de cas Ballasted installation Extension of a power plant in an urban area TSS Pilot phase on an agro-industrial site &#8211; Mali Pitched roofs Peacekeeping site -Mali Voir plus EVALUATE YOUR PHOTOVOLTAIC POTENTIAL Off-grid, Self-consumtion 16 July 2021 ak_log Electricity everywhere in Africa, for everyone! Tout TSS Pilot phase on an agro-industrial site &#8211; Mali D\u00e9tails Pitched roofs Peacekeeping site -Mali D\u00e9tails Pitched roofs Innovation and refurbishment D\u00e9tails Pitched roofs&#8230; Read more Rental Tysilio rents you a photovoltaic system to reduce your financial investment. More + Engineering Procurement Construction (EPC) Tysilio supervises your energy transition and takes care of your entire project. More + Consulting Tysilio assesses and enhances your energy potential by developing an effective&#8230; More +<\/p>","protected":false},"author":1,"featured_media":9997,"parent":8561,"menu_order":0,"comment_status":"closed","ping_status":"closed","template":"","meta":{"_acf_changed":false,"inline_featured_image":false,"footnotes":""},"class_list":["post-8827","page","type-page","status-publish","has-post-thumbnail","hentry","cms-has-post-thumbnail"],"acf":[],"aioseo_notices":[],"_links":{"self":[{"href":"https:\/\/tysilio.akstudio.tech\/en\/wp-json\/wp\/v2\/pages\/8827","targetHints":{"allow":["GET"]}}],"collection":[{"href":"https:\/\/tysilio.akstudio.tech\/en\/wp-json\/wp\/v2\/pages"}],"about":[{"href":"https:\/\/tysilio.akstudio.tech\/en\/wp-json\/wp\/v2\/types\/page"}],"author":[{"embeddable":true,"href":"https:\/\/tysilio.akstudio.tech\/en\/wp-json\/wp\/v2\/users\/1"}],"replies":[{"embeddable":true,"href":"https:\/\/tysilio.akstudio.tech\/en\/wp-json\/wp\/v2\/comments?post=8827"}],"version-history":[{"count":49,"href":"https:\/\/tysilio.akstudio.tech\/en\/wp-json\/wp\/v2\/pages\/8827\/revisions"}],"predecessor-version":[{"id":12315,"href":"https:\/\/tysilio.akstudio.tech\/en\/wp-json\/wp\/v2\/pages\/8827\/revisions\/12315"}],"up":[{"embeddable":true,"href":"https:\/\/tysilio.akstudio.tech\/en\/wp-json\/wp\/v2\/pages\/8561"}],"wp:featuredmedia":[{"embeddable":true,"href":"https:\/\/tysilio.akstudio.tech\/en\/wp-json\/wp\/v2\/media\/9997"}],"wp:attachment":[{"href":"https:\/\/tysilio.akstudio.tech\/en\/wp-json\/wp\/v2\/media?parent=8827"}],"curies":[{"name":"wp","href":"https:\/\/api.w.org\/{rel}","templated":true}]}}