
{"id":8845,"date":"2021-06-25T17:04:14","date_gmt":"2021-06-25T15:04:14","guid":{"rendered":"https:\/\/tysilio.com\/?page_id=8845"},"modified":"2023-04-12T23:02:20","modified_gmt":"2023-04-12T21:02:20","slug":"tss","status":"publish","type":"page","link":"https:\/\/tysilio.akstudio.tech\/en\/our-technologies\/tss\/","title":{"rendered":"Tysilio solar station"},"content":{"rendered":"<div data-elementor-type=\"wp-page\" data-elementor-id=\"8845\" class=\"elementor elementor-8845\">\r\n\t\t\t\t\t\t<section class=\"elementor-section elementor-top-section elementor-element elementor-element-7169cd4a pt-15 pb-15 elementor-section-boxed elementor-section-height-default elementor-section-height-default wpr-particle-no wpr-jarallax-no wpr-parallax-no wpr-sticky-section-no\" data-id=\"7169cd4a\" data-element_type=\"section\">\r\n\t\t\t\t\t\t<div class=\"elementor-container elementor-column-gap-default\">\r\n\t\t\t\t\t<div class=\"elementor-column elementor-col-100 elementor-top-column elementor-element elementor-element-6cd2a1f4\" data-id=\"6cd2a1f4\" data-element_type=\"column\">\r\n\t\t\t<div class=\"elementor-widget-wrap elementor-element-populated\">\r\n\t\t\t\t\t\t<div class=\"elementor-element elementor-element-2312d6c8 intro elementor-widget elementor-widget-text-editor\" data-id=\"2312d6c8\" data-element_type=\"widget\" data-widget_type=\"text-editor.default\">\r\n\t\t\t\t<div class=\"elementor-widget-container\">\r\n\t\t\t\t\t\t\t\t\t<p>Solar energy is <strong>the best way to save money and have a reliable and decarbonised energy source.<\/strong> However, due to lack of space, willingness to invest or long-term visibility, you don&#8217;t dare to take the plunge ?<\/p><p><strong>Trust Tysilio&#8217;s expertise to advise and support you<\/strong> in your energy transition with a solution that meets all your needs : the Tysilio Solar Station (TSS).<\/p><p>3 years of development were necessary to perfect this sustainable and economical photovoltaic solution that is easy to install and transport.<\/p><p>Available at short notice, <strong>we can support the financing of the TSS if required and, if you move or expand your business, it will go with you wherever you want.<\/strong><\/p>\t\t\t\t\t\t\t\t<\/div>\r\n\t\t\t\t<\/div>\r\n\t\t\t\t\t<\/div>\r\n\t\t<\/div>\r\n\t\t\t\t\t<\/div>\r\n\t\t<\/section>\r\n\t\t\t\t<section class=\"elementor-section elementor-top-section elementor-element elementor-element-a284b70 elementor-section-stretched blocs-alternes elementor-section-boxed elementor-section-height-default elementor-section-height-default wpr-particle-no wpr-jarallax-no wpr-parallax-no wpr-sticky-section-no\" data-id=\"a284b70\" data-element_type=\"section\" data-settings=\"{&quot;stretch_section&quot;:&quot;section-stretched&quot;,&quot;background_background&quot;:&quot;classic&quot;}\">\r\n\t\t\t\t\t\t<div class=\"elementor-container elementor-column-gap-default\">\r\n\t\t\t\t\t<div class=\"elementor-column elementor-col-100 elementor-top-column elementor-element elementor-element-74d651d8\" data-id=\"74d651d8\" data-element_type=\"column\">\r\n\t\t\t<div class=\"elementor-widget-wrap elementor-element-populated\">\r\n\t\t\t\t\t\t<section class=\"elementor-section elementor-inner-section elementor-element elementor-element-20866096 elementor-section-boxed elementor-section-height-default elementor-section-height-default wpr-particle-no wpr-jarallax-no wpr-parallax-no wpr-sticky-section-no\" data-id=\"20866096\" data-element_type=\"section\">\r\n\t\t\t\t\t\t<div class=\"elementor-container elementor-column-gap-default\">\r\n\t\t\t\t\t<div class=\"elementor-column elementor-col-100 elementor-inner-column elementor-element elementor-element-9e5b260 elementor-invisible\" data-id=\"9e5b260\" data-element_type=\"column\" data-settings=\"{&quot;background_background&quot;:&quot;classic&quot;,&quot;animation&quot;:&quot;fadeIn&quot;}\">\r\n\t\t\t<div class=\"elementor-widget-wrap elementor-element-populated\">\r\n\t\t\t\t\t\t<div class=\"elementor-element elementor-element-2e05696 elementor-widget elementor-widget-text-editor\" data-id=\"2e05696\" data-element_type=\"widget\" data-widget_type=\"text-editor.default\">\r\n\t\t\t\t<div class=\"elementor-widget-container\">\r\n\t\t\t\t\t\t\t\t\t<p>The containerised plant can be coupled with energy storage systems selected by Tysilio for total autonomy.<\/p><p><strong>The TSS 80 kWp can produce up to 152,000 kWh per year, representing a potential saving of more than 50,000 liters of diesel, or 132 tons of CO2! In France it can produce up to 130\u00a0000 kWh per year.<\/strong><\/p>\t\t\t\t\t\t\t\t<\/div>\r\n\t\t\t\t<\/div>\r\n\t\t\t\t\t<\/div>\r\n\t\t<\/div>\r\n\t\t\t\t\t<\/div>\r\n\t\t<\/section>\r\n\t\t\t\t\t<\/div>\r\n\t\t<\/div>\r\n\t\t\t\t\t<\/div>\r\n\t\t<\/section>\r\n\t\t\t\t<section class=\"elementor-section elementor-top-section elementor-element elementor-element-4830d95 pt-15 pb-15 qec elementor-section-boxed elementor-section-height-default elementor-section-height-default wpr-particle-no wpr-jarallax-no wpr-parallax-no wpr-sticky-section-no\" data-id=\"4830d95\" data-element_type=\"section\">\r\n\t\t\t\t\t\t<div class=\"elementor-container elementor-column-gap-default\">\r\n\t\t\t\t\t<div class=\"elementor-column elementor-col-100 elementor-top-column elementor-element elementor-element-14bbbd01\" data-id=\"14bbbd01\" data-element_type=\"column\">\r\n\t\t\t<div class=\"elementor-widget-wrap elementor-element-populated\">\r\n\t\t\t\t\t\t<div class=\"elementor-element elementor-element-746e58b3 elementor-widget elementor-widget-spacer\" data-id=\"746e58b3\" data-element_type=\"widget\" data-widget_type=\"spacer.default\">\r\n\t\t\t\t<div class=\"elementor-widget-container\">\r\n\t\t\t\t\t\t\t<div class=\"elementor-spacer\">\r\n\t\t\t<div class=\"elementor-spacer-inner\"><\/div>\r\n\t\t<\/div>\r\n\t\t\t\t\t\t<\/div>\r\n\t\t\t\t<\/div>\r\n\t\t\t\t<div class=\"elementor-element elementor-element-565ad994 elementor-widget elementor-widget-spacer\" data-id=\"565ad994\" data-element_type=\"widget\" data-widget_type=\"spacer.default\">\r\n\t\t\t\t<div class=\"elementor-widget-container\">\r\n\t\t\t\t\t\t\t<div class=\"elementor-spacer\">\r\n\t\t\t<div class=\"elementor-spacer-inner\"><\/div>\r\n\t\t<\/div>\r\n\t\t\t\t\t\t<\/div>\r\n\t\t\t\t<\/div>\r\n\t\t\t\t\t<\/div>\r\n\t\t<\/div>\r\n\t\t\t\t\t<\/div>\r\n\t\t<\/section>\r\n\t\t\t\t<section class=\"elementor-section elementor-top-section elementor-element elementor-element-781d33df elementor-section-full_width elementor-section-stretched elementor-section-height-default elementor-section-height-default wpr-particle-no wpr-jarallax-no wpr-parallax-no wpr-sticky-section-no\" data-id=\"781d33df\" data-element_type=\"section\" data-settings=\"{&quot;stretch_section&quot;:&quot;section-stretched&quot;}\">\r\n\t\t\t\t\t\t<div class=\"elementor-container elementor-column-gap-default\">\r\n\t\t\t\t\t<div class=\"elementor-column elementor-col-100 elementor-top-column elementor-element elementor-element-14bc938b\" data-id=\"14bc938b\" data-element_type=\"column\">\r\n\t\t\t<div class=\"elementor-widget-wrap elementor-element-populated\">\r\n\t\t\t\t\t\t<div class=\"elementor-element elementor-element-1c8c11d1 elementor-align-center elementor-widget elementor-widget-button\" data-id=\"1c8c11d1\" data-element_type=\"widget\" data-widget_type=\"button.default\">\r\n\t\t\t\t<div class=\"elementor-widget-container\">\r\n\t\t\t\t\t\t\t\t\t<div class=\"elementor-button-wrapper\">\r\n\t\t\t\t\t<a class=\"elementor-button elementor-button-link elementor-size-xl\" href=\"https:\/\/tysilio.com\/en\/contact-us\/\">\r\n\t\t\t\t\t\t<span class=\"elementor-button-content-wrapper\">\r\n\t\t\t\t\t\t<span class=\"elementor-button-icon\">\r\n\t\t\t\t<i aria-hidden=\"true\" class=\"cmsi cmsi-chevron-right\"><\/i>\t\t\t<\/span>\r\n\t\t\t\t\t\t\t\t\t<span class=\"elementor-button-text\">EVALUATE YOUR PHOTOVOLTAIC POTENTIAL<\/span>\r\n\t\t\t\t\t<\/span>\r\n\t\t\t\t\t<\/a>\r\n\t\t\t\t<\/div>\r\n\t\t\t\t\t\t\t\t<\/div>\r\n\t\t\t\t<\/div>\r\n\t\t\t\t\t<\/div>\r\n\t\t<\/div>\r\n\t\t\t\t\t<\/div>\r\n\t\t<\/section>\r\n\t\t\t\t<section class=\"elementor-section elementor-top-section elementor-element elementor-element-7a995319 post-a-la-une elementor-section-boxed elementor-section-height-default elementor-section-height-default wpr-particle-no wpr-jarallax-no wpr-parallax-no wpr-sticky-section-no\" data-id=\"7a995319\" data-element_type=\"section\">\r\n\t\t\t\t\t\t<div class=\"elementor-container elementor-column-gap-default\">\r\n\t\t\t\t\t<div class=\"elementor-column elementor-col-100 elementor-top-column elementor-element elementor-element-3e30e6e9\" data-id=\"3e30e6e9\" data-element_type=\"column\">\r\n\t\t\t<div class=\"elementor-widget-wrap\">\r\n\t\t\t\t\t\t\t<\/div>\r\n\t\t<\/div>\r\n\t\t\t\t\t<\/div>\r\n\t\t<\/section>\r\n\t\t\t\t<section class=\"elementor-section elementor-top-section elementor-element elementor-element-1f71fafa elementor-section-stretched bg-primary_ pt-15 pb-15 elementor-section-boxed elementor-section-height-default elementor-section-height-default wpr-particle-no wpr-jarallax-no wpr-parallax-no wpr-sticky-section-no\" data-id=\"1f71fafa\" data-element_type=\"section\" data-settings=\"{&quot;stretch_section&quot;:&quot;section-stretched&quot;,&quot;background_background&quot;:&quot;classic&quot;}\">\r\n\t\t\t\t\t\t\t<div class=\"elementor-background-overlay\"><\/div>\r\n\t\t\t\t\t\t\t<div class=\"elementor-container elementor-column-gap-default\">\r\n\t\t\t\t\t<div class=\"elementor-column elementor-col-100 elementor-top-column elementor-element elementor-element-69f760b4\" data-id=\"69f760b4\" data-element_type=\"column\">\r\n\t\t\t<div class=\"elementor-widget-wrap elementor-element-populated\">\r\n\t\t\t\t\t\t\t<\/div>\r\n\t\t<\/div>\r\n\t\t\t\t\t<\/div>\r\n\t\t<\/section>\r\n\t\t\t\t<\/div>","protected":false},"excerpt":{"rendered":"<p>Solar energy is the best way to save money and have a reliable and decarbonised energy source. However, due to lack of space, willingness to invest or long-term visibility, you don&#8217;t dare to take the plunge ? Trust Tysilio&#8217;s expertise to advise and support you in your energy transition with a solution that meets all your needs : the Tysilio Solar Station (TSS). 3 years of development were necessary to perfect this sustainable and economical photovoltaic solution that is easy to install and transport. Available at short notice, we can support the financing of the TSS if required and, if you move or expand your business, it will go with you wherever you want. WHAT IS THE TSS ? The Tysilio Solar Station is a containerised photovoltaic power designed to be easily transported in a 20-foot container. A reliable and carbon-free energy source, it allows you to make savings compared to your current energy source. Sized for medium power requirements, this solution is suitable for all environments and particularly for isolated sites. The TSS will be able to provide you with energy for a long time : the life of the container is 30 years with the same module performance guarantee. TECHNICAL CHARACTERISTICS Different models of TSS exist and can provide a power from 40 to 80 kWp. Modulable : as the photovoltaic tables are independent of each other, the photovoltaic power plant can be installed in different configurations and adapted to the constraints of the terrain. The containers can be connected in series to provide all types of power. Moveable : the solution is transportable in a 20-foot container and can be folded into an ISO-standard container to be moved to another site. Easy to install : no earthwork or lifting equipment is required, the solution can be easily installed by the customer or our partners. Robust : the solution is resistant to high winds and corrosive environments. The containerised plant can be coupled with energy storage systems selected by Tysilio for total autonomy. The TSS 80 kWp can produce up to 152,000 kWh per year, representing a potential saving of more than 50,000 liters of diesel, or 132 tons of CO2! In France it can produce up to 130\u00a0000 kWh per year. DISTINCTIONS With the Cap\u00e9nergie and Solar Impulse Efficient Solution labels, the performance of the Tysilio Solar Station is certified and our solution has already been adopted by many customers in Africa and France, including an European army. Many of them already trust the Tysilio Solar Station, why not you ? Quelques \u00e9tudes de cas Ballasted installation Extension of a power plant in an urban area TSS Pilot phase on an agro-industrial site &#8211; Mali Pitched roofs Peacekeeping site -Mali Voir plus EVALUATE YOUR PHOTOVOLTAIC POTENTIAL Off-grid, Self-consumtion 16 July 2021 ak_log Electricity everywhere in Africa, for everyone! Tout TSS Pilot phase on an agro-industrial site &#8211; Mali D\u00e9tails Pitched roofs Peacekeeping site -Mali D\u00e9tails Pitched roofs Innovation and refurbishment D\u00e9tails Pitched roofs&#8230; Read more Rental Tysilio rents you a photovoltaic system to reduce your financial investment. More + Engineering Procurement Construction (EPC) Tysilio supervises your energy transition and takes care of your entire project. More + Consulting Tysilio assesses and enhances your energy potential by developing an effective&#8230; More +<\/p>","protected":false},"author":1,"featured_media":9999,"parent":8561,"menu_order":0,"comment_status":"closed","ping_status":"closed","template":"","meta":{"_acf_changed":false,"inline_featured_image":false,"footnotes":""},"class_list":["post-8845","page","type-page","status-publish","has-post-thumbnail","hentry","cms-has-post-thumbnail"],"acf":[],"aioseo_notices":[],"_links":{"self":[{"href":"https:\/\/tysilio.akstudio.tech\/en\/wp-json\/wp\/v2\/pages\/8845","targetHints":{"allow":["GET"]}}],"collection":[{"href":"https:\/\/tysilio.akstudio.tech\/en\/wp-json\/wp\/v2\/pages"}],"about":[{"href":"https:\/\/tysilio.akstudio.tech\/en\/wp-json\/wp\/v2\/types\/page"}],"author":[{"embeddable":true,"href":"https:\/\/tysilio.akstudio.tech\/en\/wp-json\/wp\/v2\/users\/1"}],"replies":[{"embeddable":true,"href":"https:\/\/tysilio.akstudio.tech\/en\/wp-json\/wp\/v2\/comments?post=8845"}],"version-history":[{"count":67,"href":"https:\/\/tysilio.akstudio.tech\/en\/wp-json\/wp\/v2\/pages\/8845\/revisions"}],"predecessor-version":[{"id":12318,"href":"https:\/\/tysilio.akstudio.tech\/en\/wp-json\/wp\/v2\/pages\/8845\/revisions\/12318"}],"up":[{"embeddable":true,"href":"https:\/\/tysilio.akstudio.tech\/en\/wp-json\/wp\/v2\/pages\/8561"}],"wp:featuredmedia":[{"embeddable":true,"href":"https:\/\/tysilio.akstudio.tech\/en\/wp-json\/wp\/v2\/media\/9999"}],"wp:attachment":[{"href":"https:\/\/tysilio.akstudio.tech\/en\/wp-json\/wp\/v2\/media?parent=8845"}],"curies":[{"name":"wp","href":"https:\/\/api.w.org\/{rel}","templated":true}]}}