
{"id":8860,"date":"2021-06-25T18:10:15","date_gmt":"2021-06-25T16:10:15","guid":{"rendered":"https:\/\/tysilio.com\/?page_id=8860"},"modified":"2023-04-12T23:02:46","modified_gmt":"2023-04-12T21:02:46","slug":"tsr","status":"publish","type":"page","link":"https:\/\/tysilio.akstudio.tech\/en\/our-technologies\/tsr\/","title":{"rendered":"Tysilio solar roof"},"content":{"rendered":"<div data-elementor-type=\"wp-page\" data-elementor-id=\"8860\" class=\"elementor elementor-8860\">\r\n\t\t\t\t\t\t<section class=\"elementor-section elementor-top-section elementor-element elementor-element-1aebb374 pt-15 pb-15 elementor-section-boxed elementor-section-height-default elementor-section-height-default wpr-particle-no wpr-jarallax-no wpr-parallax-no wpr-sticky-section-no\" data-id=\"1aebb374\" data-element_type=\"section\">\r\n\t\t\t\t\t\t<div class=\"elementor-container elementor-column-gap-default\">\r\n\t\t\t\t\t<div class=\"elementor-column elementor-col-100 elementor-top-column elementor-element elementor-element-62e21472\" data-id=\"62e21472\" data-element_type=\"column\">\r\n\t\t\t<div class=\"elementor-widget-wrap elementor-element-populated\">\r\n\t\t\t\t\t\t<div class=\"elementor-element elementor-element-5024acf3 intro elementor-widget elementor-widget-text-editor\" data-id=\"5024acf3\" data-element_type=\"widget\" data-widget_type=\"text-editor.default\">\r\n\t\t\t\t<div class=\"elementor-widget-container\">\r\n\t\t\t\t\t\t\t\t\t<p>Due to lack of space, investment or long-term visibility, you don&#8217;t dare take the plunge into solar energy? However, i<strong>t is the best way for you to save money and to have a reliable and carbon-free energy source.<\/strong><\/p>\t\t\t\t\t\t\t\t<\/div>\r\n\t\t\t\t<\/div>\r\n\t\t\t\t\t<\/div>\r\n\t\t<\/div>\r\n\t\t\t\t\t<\/div>\r\n\t\t<\/section>\r\n\t\t\t\t<section class=\"elementor-section elementor-top-section elementor-element elementor-element-47f0748f elementor-section-stretched blocs-alternes elementor-section-boxed elementor-section-height-default elementor-section-height-default wpr-particle-no wpr-jarallax-no wpr-parallax-no wpr-sticky-section-no\" data-id=\"47f0748f\" data-element_type=\"section\" data-settings=\"{&quot;stretch_section&quot;:&quot;section-stretched&quot;,&quot;background_background&quot;:&quot;classic&quot;}\">\r\n\t\t\t\t\t\t<div class=\"elementor-container elementor-column-gap-default\">\r\n\t\t\t\t\t<div class=\"elementor-column elementor-col-100 elementor-top-column elementor-element elementor-element-7051d5de\" data-id=\"7051d5de\" data-element_type=\"column\">\r\n\t\t\t<div class=\"elementor-widget-wrap elementor-element-populated\">\r\n\t\t\t\t\t\t<section class=\"elementor-section elementor-inner-section elementor-element elementor-element-77e64c73 elementor-section-boxed elementor-section-height-default elementor-section-height-default wpr-particle-no wpr-jarallax-no wpr-parallax-no wpr-sticky-section-no\" data-id=\"77e64c73\" data-element_type=\"section\">\r\n\t\t\t\t\t\t<div class=\"elementor-container elementor-column-gap-default\">\r\n\t\t\t\t\t<div class=\"elementor-column elementor-col-100 elementor-inner-column elementor-element elementor-element-3b126d2e elementor-invisible\" data-id=\"3b126d2e\" data-element_type=\"column\" data-settings=\"{&quot;background_background&quot;:&quot;classic&quot;,&quot;animation&quot;:&quot;fadeIn&quot;}\">\r\n\t\t\t<div class=\"elementor-widget-wrap elementor-element-populated\">\r\n\t\t\t\t\t\t<div class=\"elementor-element elementor-element-d1f40e2 elementor-widget elementor-widget-text-editor\" data-id=\"d1f40e2\" data-element_type=\"widget\" data-widget_type=\"text-editor.default\">\r\n\t\t\t\t<div class=\"elementor-widget-container\">\r\n\t\t\t\t\t\t\t\t\tThe containerised PV plant can be coupled with energy storage systems selected by Tysilio for total autonomy.\n \nThe photovoltaic power plant <b>allows you to save money compared to your system (grid or diesel generators).<\/b>\n <\/br><br>\nThe TRS 2.3 kWp can produce 4,370 kWh per year, representing a potential saving of 1,455 liters of diesel or 3.8 tons of CO2!\n \nThe Tysilio Solar Roof will meet all your energy needs, trust us !\t\t\t\t\t\t\t\t<\/div>\r\n\t\t\t\t<\/div>\r\n\t\t\t\t\t<\/div>\r\n\t\t<\/div>\r\n\t\t\t\t\t<\/div>\r\n\t\t<\/section>\r\n\t\t\t\t\t<\/div>\r\n\t\t<\/div>\r\n\t\t\t\t\t<\/div>\r\n\t\t<\/section>\r\n\t\t\t\t<section class=\"elementor-section elementor-top-section elementor-element elementor-element-4d4a729f elementor-section-full_width elementor-section-stretched elementor-section-height-default elementor-section-height-default wpr-particle-no wpr-jarallax-no wpr-parallax-no wpr-sticky-section-no\" data-id=\"4d4a729f\" data-element_type=\"section\" data-settings=\"{&quot;stretch_section&quot;:&quot;section-stretched&quot;}\">\r\n\t\t\t\t\t\t<div class=\"elementor-container elementor-column-gap-default\">\r\n\t\t\t\t\t<div class=\"elementor-column elementor-col-100 elementor-top-column elementor-element elementor-element-4b2c9d6b\" data-id=\"4b2c9d6b\" data-element_type=\"column\">\r\n\t\t\t<div class=\"elementor-widget-wrap elementor-element-populated\">\r\n\t\t\t\t\t\t<div class=\"elementor-element elementor-element-2d5329ca elementor-align-center elementor-widget elementor-widget-button\" data-id=\"2d5329ca\" data-element_type=\"widget\" data-widget_type=\"button.default\">\r\n\t\t\t\t<div class=\"elementor-widget-container\">\r\n\t\t\t\t\t\t\t\t\t<div class=\"elementor-button-wrapper\">\r\n\t\t\t\t\t<a class=\"elementor-button elementor-button-link elementor-size-xl\" href=\"https:\/\/tysilio.com\/en\/contact-us\/\">\r\n\t\t\t\t\t\t<span class=\"elementor-button-content-wrapper\">\r\n\t\t\t\t\t\t<span class=\"elementor-button-icon\">\r\n\t\t\t\t<i aria-hidden=\"true\" class=\"cmsi cmsi-chevron-right\"><\/i>\t\t\t<\/span>\r\n\t\t\t\t\t\t\t\t\t<span class=\"elementor-button-text\">EVALUATE YOUR PHOTOVOLTAIC POTENTIAL<\/span>\r\n\t\t\t\t\t<\/span>\r\n\t\t\t\t\t<\/a>\r\n\t\t\t\t<\/div>\r\n\t\t\t\t\t\t\t\t<\/div>\r\n\t\t\t\t<\/div>\r\n\t\t\t\t\t<\/div>\r\n\t\t<\/div>\r\n\t\t\t\t\t<\/div>\r\n\t\t<\/section>\r\n\t\t\t\t<section class=\"elementor-section elementor-top-section elementor-element elementor-element-3e71d387 pt-15 pb-15 qec elementor-section-boxed elementor-section-height-default elementor-section-height-default wpr-particle-no wpr-jarallax-no wpr-parallax-no wpr-sticky-section-no\" data-id=\"3e71d387\" data-element_type=\"section\">\r\n\t\t\t\t\t\t<div class=\"elementor-container elementor-column-gap-default\">\r\n\t\t\t\t\t<div class=\"elementor-column elementor-col-100 elementor-top-column elementor-element elementor-element-ecb0438\" data-id=\"ecb0438\" data-element_type=\"column\">\r\n\t\t\t<div class=\"elementor-widget-wrap elementor-element-populated\">\r\n\t\t\t\t\t\t<div class=\"elementor-element elementor-element-74c68b74 elementor-widget elementor-widget-spacer\" data-id=\"74c68b74\" data-element_type=\"widget\" data-widget_type=\"spacer.default\">\r\n\t\t\t\t<div class=\"elementor-widget-container\">\r\n\t\t\t\t\t\t\t<div class=\"elementor-spacer\">\r\n\t\t\t<div class=\"elementor-spacer-inner\"><\/div>\r\n\t\t<\/div>\r\n\t\t\t\t\t\t<\/div>\r\n\t\t\t\t<\/div>\r\n\t\t\t\t<div class=\"elementor-element elementor-element-19957ae0 elementor-widget elementor-widget-spacer\" data-id=\"19957ae0\" data-element_type=\"widget\" data-widget_type=\"spacer.default\">\r\n\t\t\t\t<div class=\"elementor-widget-container\">\r\n\t\t\t\t\t\t\t<div class=\"elementor-spacer\">\r\n\t\t\t<div class=\"elementor-spacer-inner\"><\/div>\r\n\t\t<\/div>\r\n\t\t\t\t\t\t<\/div>\r\n\t\t\t\t<\/div>\r\n\t\t\t\t\t<\/div>\r\n\t\t<\/div>\r\n\t\t\t\t\t<\/div>\r\n\t\t<\/section>\r\n\t\t\t\t<section class=\"elementor-section elementor-top-section elementor-element elementor-element-258f05e post-a-la-une elementor-section-boxed elementor-section-height-default elementor-section-height-default wpr-particle-no wpr-jarallax-no wpr-parallax-no wpr-sticky-section-no\" data-id=\"258f05e\" data-element_type=\"section\">\r\n\t\t\t\t\t\t<div class=\"elementor-container elementor-column-gap-default\">\r\n\t\t\t\t\t<div class=\"elementor-column elementor-col-100 elementor-top-column elementor-element elementor-element-42b0c411\" data-id=\"42b0c411\" data-element_type=\"column\">\r\n\t\t\t<div class=\"elementor-widget-wrap\">\r\n\t\t\t\t\t\t\t<\/div>\r\n\t\t<\/div>\r\n\t\t\t\t\t<\/div>\r\n\t\t<\/section>\r\n\t\t\t\t<section class=\"elementor-section elementor-top-section elementor-element elementor-element-245c2c28 elementor-section-stretched bg-primary_ pt-15 pb-15 elementor-section-boxed elementor-section-height-default elementor-section-height-default wpr-particle-no wpr-jarallax-no wpr-parallax-no wpr-sticky-section-no\" data-id=\"245c2c28\" data-element_type=\"section\" data-settings=\"{&quot;stretch_section&quot;:&quot;section-stretched&quot;,&quot;background_background&quot;:&quot;classic&quot;}\">\r\n\t\t\t\t\t\t\t<div class=\"elementor-background-overlay\"><\/div>\r\n\t\t\t\t\t\t\t<div class=\"elementor-container elementor-column-gap-default\">\r\n\t\t\t\t\t<div class=\"elementor-column elementor-col-100 elementor-top-column elementor-element elementor-element-6cfd0364\" data-id=\"6cfd0364\" data-element_type=\"column\">\r\n\t\t\t<div class=\"elementor-widget-wrap elementor-element-populated\">\r\n\t\t\t\t\t\t\t<\/div>\r\n\t\t<\/div>\r\n\t\t\t\t\t<\/div>\r\n\t\t<\/section>\r\n\t\t\t\t<\/div>","protected":false},"excerpt":{"rendered":"<p>Due to lack of space, investment or long-term visibility, you don&#8217;t dare take the plunge into solar energy? However, it is the best way for you to save money and to have a reliable and carbon-free energy source. What is the Tysilio solar roof ? Tysilio guarantees to enhance your space by maximising the multiple impacts of a solar energy source : Tysilio vous garantit de valoriser votre espace en maximisant les impacts multiples d\u2019une source d\u2019\u00e9nergie solaire. Economic benefits Decarbonised source, low impact on the environment Energy independence If you have containers or the space to install them, you can equip yourself with an innovative solution: the Tysilio Solar Roof (TSR). TECHNICAL CHARACTERISTICS OF TSR Designed specifically to meet your energy needs, the TSR is the photovoltaic power plant for you. In order to optimise your available space and your energy source, we have developed a solution adapted to the roof of a 20-foot container that can be easily moved (moving your business, expanding your space, etc.). If required, we can also finance the TSR. The installation will be able to provide you with energy in the long term : the lifespan of the container and the performance guarantee of the modules is 20 years ! TECHNICAL CHARACTERISTICS The TSS provides a power of 2.3 kWp. Modular : different configurations are possible because each roof top is independent. The over-roofs can be connected in series to provide more power. Moveable : transportable flat in a 20-foot container, the over-roofs can be stacked on top of each other (up to 8). Easy to install : the solution can be easily installed by the customer or by our local partners. Robust : the solution is designed using durable materials, resistant to high winds and corrosive environments. The containerised PV plant can be coupled with energy storage systems selected by Tysilio for total autonomy. The photovoltaic power plant allows you to save money compared to your system (grid or diesel generators). The TRS 2.3 kWp can produce 4,370 kWh per year, representing a potential saving of 1,455 liters of diesel or 3.8 tons of CO2! The Tysilio Solar Roof will meet all your energy needs, trust us ! EVALUATE YOUR PHOTOVOLTAIC POTENTIAL Quelques \u00e9tudes de cas Toitures inclin\u00e9es Solarisation d&#8217;une toiture en copropri\u00e9t\u00e9 TSS D\u00e9ploiement d&#8217;une centrale au c\u0153ur d&#8217;un site industriel Toitures inclin\u00e9es Solarisation d&#8217;une toiture en copropri\u00e9t\u00e9 Voir plus Autoconsommation, Batterie 24 novembre 2022 jonathan Tysilio acc\u00e9l\u00e8re sur les projets avec stockage Tout Lest\u00e9es au sol Toitures inclin\u00e9es TSS Toitures inclin\u00e9es Solarisation d&#8217;une toiture en copropri\u00e9t\u00e9 D\u00e9tails TSS D\u00e9ploiement d&#8217;une centrale au c\u0153ur d&#8217;un site industriel D\u00e9tails&#8230; Read more Location Tysilio vous loue une installation photovolta\u00efque afin d\u2019all\u00e9ger votre investissement financier. More + Conseil Tysilio \u00e9value et valorise votre potentiel \u00e9nerg\u00e9tique en \u00e9laborant une strat\u00e9gie efficace et durable. More + Installation cl\u00e9 en main Tysilio supervise votre transition \u00e9nerg\u00e9tique et s\u2019occupe de votre projet dans son int\u00e9gralit\u00e9. More +<\/p>","protected":false},"author":1,"featured_media":9991,"parent":8561,"menu_order":0,"comment_status":"closed","ping_status":"closed","template":"","meta":{"_acf_changed":false,"inline_featured_image":false,"footnotes":""},"class_list":["post-8860","page","type-page","status-publish","has-post-thumbnail","hentry","cms-has-post-thumbnail"],"acf":[],"aioseo_notices":[],"_links":{"self":[{"href":"https:\/\/tysilio.akstudio.tech\/en\/wp-json\/wp\/v2\/pages\/8860","targetHints":{"allow":["GET"]}}],"collection":[{"href":"https:\/\/tysilio.akstudio.tech\/en\/wp-json\/wp\/v2\/pages"}],"about":[{"href":"https:\/\/tysilio.akstudio.tech\/en\/wp-json\/wp\/v2\/types\/page"}],"author":[{"embeddable":true,"href":"https:\/\/tysilio.akstudio.tech\/en\/wp-json\/wp\/v2\/users\/1"}],"replies":[{"embeddable":true,"href":"https:\/\/tysilio.akstudio.tech\/en\/wp-json\/wp\/v2\/comments?post=8860"}],"version-history":[{"count":66,"href":"https:\/\/tysilio.akstudio.tech\/en\/wp-json\/wp\/v2\/pages\/8860\/revisions"}],"predecessor-version":[{"id":12321,"href":"https:\/\/tysilio.akstudio.tech\/en\/wp-json\/wp\/v2\/pages\/8860\/revisions\/12321"}],"up":[{"embeddable":true,"href":"https:\/\/tysilio.akstudio.tech\/en\/wp-json\/wp\/v2\/pages\/8561"}],"wp:featuredmedia":[{"embeddable":true,"href":"https:\/\/tysilio.akstudio.tech\/en\/wp-json\/wp\/v2\/media\/9991"}],"wp:attachment":[{"href":"https:\/\/tysilio.akstudio.tech\/en\/wp-json\/wp\/v2\/media?parent=8860"}],"curies":[{"name":"wp","href":"https:\/\/api.w.org\/{rel}","templated":true}]}}